{"id":1431,"date":"2017-04-05T11:58:38","date_gmt":"2017-04-05T09:58:38","guid":{"rendered":"http:\/\/www.sopuresoclean.com\/?page_id=1431"},"modified":"2023-04-11T15:06:15","modified_gmt":"2023-04-11T13:06:15","slug":"prise-et-remise-a-domicile","status":"publish","type":"page","link":"https:\/\/www.sopuresoclean.com\/fr\/prise-et-remise-a-domicile\/","title":{"rendered":"Prise et remise \u00e0 domicile"},"content":{"rendered":"<p><\/p>\n<p style=\"text-align: center;\">So Pure So Clean vous propose un service de \u00ab\u00a0Prise et Remise \u00e0 Domicile\u00a0\u00bb qui vous permettra de de faire appel \u00e0 nous pour une prise et remise \u00e0 domicile de vos linges qui seront nettoy\u00e9s et repass\u00e9s.<br \/>\nCe service revient \u00e0 10 euros.<br \/>\nPour b\u00e9n\u00e9ficier de ce service, veuillez contacter le num\u00e9ro suivant : Tel 02\/375.91.13<\/p>\n<p><img decoding=\"async\" loading=\"lazy\" class=\"size-large wp-image-1362 aligncenter\" src=\"http:\/\/www.sopuresoclean.com\/wp-content\/uploads\/2016\/10\/ironingsubimage3-1024x682.jpg\" alt=\"\" width=\"800\" height=\"533\" srcset=\"https:\/\/www.sopuresoclean.com\/wp-content\/uploads\/2016\/10\/ironingsubimage3-1024x682.jpg 1024w, https:\/\/www.sopuresoclean.com\/wp-content\/uploads\/2016\/10\/ironingsubimage3-300x200.jpg 300w, https:\/\/www.sopuresoclean.com\/wp-content\/uploads\/2016\/10\/ironingsubimage3-768x511.jpg 768w\" sizes=\"(max-width: 800px) 100vw, 800px\" \/><\/p>","protected":false},"excerpt":{"rendered":"<p>So Pure So Clean vous propose un service de \u00ab\u00a0Prise et Remise \u00e0 Domicile\u00a0\u00bb qui vous permettra de de faire appel \u00e0 nous pour une prise et remise \u00e0 domicile &#8230;<\/p>\n","protected":false},"author":1,"featured_media":0,"parent":0,"menu_order":0,"comment_status":"closed","ping_status":"closed","template":"","meta":{"_exactmetrics_skip_tracking":false,"_exactmetrics_sitenote_active":false,"_exactmetrics_sitenote_note":"","_exactmetrics_sitenote_category":0},"aioseo_notices":[],"_links":{"self":[{"href":"https:\/\/www.sopuresoclean.com\/fr\/wp-json\/wp\/v2\/pages\/1431"}],"collection":[{"href":"https:\/\/www.sopuresoclean.com\/fr\/wp-json\/wp\/v2\/pages"}],"about":[{"href":"https:\/\/www.sopuresoclean.com\/fr\/wp-json\/wp\/v2\/types\/page"}],"author":[{"embeddable":true,"href":"https:\/\/www.sopuresoclean.com\/fr\/wp-json\/wp\/v2\/users\/1"}],"replies":[{"embeddable":true,"href":"https:\/\/www.sopuresoclean.com\/fr\/wp-json\/wp\/v2\/comments?post=1431"}],"version-history":[{"count":10,"href":"https:\/\/www.sopuresoclean.com\/fr\/wp-json\/wp\/v2\/pages\/1431\/revisions"}],"predecessor-version":[{"id":1609,"href":"https:\/\/www.sopuresoclean.com\/fr\/wp-json\/wp\/v2\/pages\/1431\/revisions\/1609"}],"wp:attachment":[{"href":"https:\/\/www.sopuresoclean.com\/fr\/wp-json\/wp\/v2\/media?parent=1431"}],"curies":[{"name":"wp","href":"https:\/\/api.w.org\/{rel}","templated":true}]}}