{"id":1341,"date":"2017-03-04T13:08:36","date_gmt":"2017-03-04T12:08:36","guid":{"rendered":"http:\/\/www.sopuresoclean.com\/?page_id=1341"},"modified":"2023-04-11T15:06:14","modified_gmt":"2023-04-11T13:06:14","slug":"cycle-de-nettoyage","status":"publish","type":"page","link":"https:\/\/www.sopuresoclean.com\/fr\/cycle-de-nettoyage\/","title":{"rendered":"Cycle de nettoyage"},"content":{"rendered":"<p><\/p>\n<p style=\"text-align: center;\">Votre v\u00eatements est trait\u00e9 en 10 \u00e9tapes successive, effectu\u00e9es dans le respect des normes Europ\u00e9ennes: r\u00e9ception\/visites, \u00e9tiquetage, tri, pr\u00e9-brossage et d\u00e9tachage, mise en machine, contr\u00f4le qualit\u00e9 tache,<br \/>\nreconstitution des lots, repassage\/contr\u00f4le qualit\u00e9 repassage, emballage, classement.<\/p>\n<p style=\"text-align: center;\"><img decoding=\"async\" loading=\"lazy\" class=\"aligncenter size-large wp-image-1363\" src=\"http:\/\/www.sopuresoclean.com\/wp-content\/uploads\/2016\/10\/lagoon-workflow-1024x645.jpg\" alt=\"\" width=\"800\" height=\"504\" srcset=\"https:\/\/www.sopuresoclean.com\/wp-content\/uploads\/2016\/10\/lagoon-workflow-1024x645.jpg 1024w, https:\/\/www.sopuresoclean.com\/wp-content\/uploads\/2016\/10\/lagoon-workflow-300x189.jpg 300w, https:\/\/www.sopuresoclean.com\/wp-content\/uploads\/2016\/10\/lagoon-workflow-768x484.jpg 768w, https:\/\/www.sopuresoclean.com\/wp-content\/uploads\/2016\/10\/lagoon-workflow.jpg 1098w\" sizes=\"(max-width: 800px) 100vw, 800px\" \/><\/p>\n<p><\/p>","protected":false},"excerpt":{"rendered":"<p>Votre v\u00eatements est trait\u00e9 en 10 \u00e9tapes successive, effectu\u00e9es dans le respect des normes Europ\u00e9ennes: r\u00e9ception\/visites, \u00e9tiquetage, tri, pr\u00e9-brossage et d\u00e9tachage, mise en machine, contr\u00f4le qualit\u00e9 tache, reconstitution des lots, &#8230;<\/p>\n","protected":false},"author":1,"featured_media":0,"parent":0,"menu_order":0,"comment_status":"closed","ping_status":"closed","template":"","meta":{"_exactmetrics_skip_tracking":false,"_exactmetrics_sitenote_active":false,"_exactmetrics_sitenote_note":"","_exactmetrics_sitenote_category":0},"aioseo_notices":[],"_links":{"self":[{"href":"https:\/\/www.sopuresoclean.com\/fr\/wp-json\/wp\/v2\/pages\/1341"}],"collection":[{"href":"https:\/\/www.sopuresoclean.com\/fr\/wp-json\/wp\/v2\/pages"}],"about":[{"href":"https:\/\/www.sopuresoclean.com\/fr\/wp-json\/wp\/v2\/types\/page"}],"author":[{"embeddable":true,"href":"https:\/\/www.sopuresoclean.com\/fr\/wp-json\/wp\/v2\/users\/1"}],"replies":[{"embeddable":true,"href":"https:\/\/www.sopuresoclean.com\/fr\/wp-json\/wp\/v2\/comments?post=1341"}],"version-history":[{"count":4,"href":"https:\/\/www.sopuresoclean.com\/fr\/wp-json\/wp\/v2\/pages\/1341\/revisions"}],"predecessor-version":[{"id":1576,"href":"https:\/\/www.sopuresoclean.com\/fr\/wp-json\/wp\/v2\/pages\/1341\/revisions\/1576"}],"wp:attachment":[{"href":"https:\/\/www.sopuresoclean.com\/fr\/wp-json\/wp\/v2\/media?parent=1341"}],"curies":[{"name":"wp","href":"https:\/\/api.w.org\/{rel}","templated":true}]}}