{"id":1339,"date":"2017-03-04T13:06:24","date_gmt":"2017-03-04T12:06:24","guid":{"rendered":"http:\/\/www.sopuresoclean.com\/?page_id=1339"},"modified":"2023-04-11T15:06:14","modified_gmt":"2023-04-11T13:06:14","slug":"ecologique","status":"publish","type":"page","link":"https:\/\/www.sopuresoclean.com\/fr\/ecologique\/","title":{"rendered":"Ecologique"},"content":{"rendered":"<p><\/p>\n<p style=\"text-align: center;\">Les programmes \u00e9cologique ont \u00e9t\u00e9 test\u00e9s par la soci\u00e9t\u00e9 Woolmark suite \u00e0 un travail de<br \/>\ncollaboration tr\u00e8s \u00e9troite Electrolux\/Woolmark. So Pure So Clean est le syst\u00e8me<br \/>\nprofessionnel aujourd&rsquo;hui officiellement approuv\u00e9 pour traiter en toute s\u00e9curit\u00e9 les lainages<br \/>\net v\u00eatements \u00e9tiquet\u00e9s \u00ab\u00a0nettoyage \u00e0 sec uniquement\u00a0\u00bb et labellis\u00e9s Woolmark.<\/p>\n<p style=\"text-align: center;\"><img decoding=\"async\" loading=\"lazy\" class=\"aligncenter size-large wp-image-27\" src=\"http:\/\/www.sopuresoclean.com\/wp-content\/uploads\/2017\/02\/water-1246643_1920-1024x576.jpg\" alt=\"\" width=\"800\" height=\"450\" srcset=\"https:\/\/www.sopuresoclean.com\/wp-content\/uploads\/2017\/02\/water-1246643_1920-1024x576.jpg 1024w, https:\/\/www.sopuresoclean.com\/wp-content\/uploads\/2017\/02\/water-1246643_1920-300x169.jpg 300w, https:\/\/www.sopuresoclean.com\/wp-content\/uploads\/2017\/02\/water-1246643_1920-768x432.jpg 768w, https:\/\/www.sopuresoclean.com\/wp-content\/uploads\/2017\/02\/water-1246643_1920-750x422.jpg 750w, https:\/\/www.sopuresoclean.com\/wp-content\/uploads\/2017\/02\/water-1246643_1920.jpg 1920w\" sizes=\"(max-width: 800px) 100vw, 800px\" \/><\/p>\n<p>&nbsp;<\/p>","protected":false},"excerpt":{"rendered":"<p>Les programmes \u00e9cologique ont \u00e9t\u00e9 test\u00e9s par la soci\u00e9t\u00e9 Woolmark suite \u00e0 un travail de collaboration tr\u00e8s \u00e9troite Electrolux\/Woolmark. So Pure So Clean est le syst\u00e8me professionnel aujourd&rsquo;hui officiellement approuv\u00e9 &#8230;<\/p>\n","protected":false},"author":1,"featured_media":0,"parent":0,"menu_order":0,"comment_status":"closed","ping_status":"closed","template":"","meta":{"_exactmetrics_skip_tracking":false,"_exactmetrics_sitenote_active":false,"_exactmetrics_sitenote_note":"","_exactmetrics_sitenote_category":0},"aioseo_notices":[],"_links":{"self":[{"href":"https:\/\/www.sopuresoclean.com\/fr\/wp-json\/wp\/v2\/pages\/1339"}],"collection":[{"href":"https:\/\/www.sopuresoclean.com\/fr\/wp-json\/wp\/v2\/pages"}],"about":[{"href":"https:\/\/www.sopuresoclean.com\/fr\/wp-json\/wp\/v2\/types\/page"}],"author":[{"embeddable":true,"href":"https:\/\/www.sopuresoclean.com\/fr\/wp-json\/wp\/v2\/users\/1"}],"replies":[{"embeddable":true,"href":"https:\/\/www.sopuresoclean.com\/fr\/wp-json\/wp\/v2\/comments?post=1339"}],"version-history":[{"count":4,"href":"https:\/\/www.sopuresoclean.com\/fr\/wp-json\/wp\/v2\/pages\/1339\/revisions"}],"predecessor-version":[{"id":1575,"href":"https:\/\/www.sopuresoclean.com\/fr\/wp-json\/wp\/v2\/pages\/1339\/revisions\/1575"}],"wp:attachment":[{"href":"https:\/\/www.sopuresoclean.com\/fr\/wp-json\/wp\/v2\/media?parent=1339"}],"curies":[{"name":"wp","href":"https:\/\/api.w.org\/{rel}","templated":true}]}}