{"id":1393,"date":"2017-03-04T14:59:39","date_gmt":"2017-03-04T13:59:39","guid":{"rendered":"http:\/\/www.sopuresoclean.com\/?page_id=1393"},"modified":"2023-04-11T15:06:14","modified_gmt":"2023-04-11T13:06:14","slug":"mentions-legales","status":"publish","type":"page","link":"http:\/\/www.sopuresoclean.com\/fr\/mentions-legales\/","title":{"rendered":"mentions-legales"},"content":{"rendered":"<p><br \/>\nMentions l\u00e9gales<\/p>\n<p>Le pr\u00e9sent site est la propri\u00e9t\u00e9 de :<\/p>\n<p>LESCOL S.P.R.L.<\/p>\n<p>Si\u00e8ge social<\/p>\n<p>1199 Chauss\u00e9e de Waterloo &#8211; 1180 UCCLE Belgique<\/p>\n<p>Num\u00e9ro BCE \u2013 TVA : BE 21363167922703<\/p>\n<p>Email : info@sopuresoclean.com<\/p>\n<p>Le responsable de la publication est Mr Hayrettin YILMAZ<\/p>\n<p>Le site est r\u00e9alis\u00e9 par webOrigine, dont toutes les informations sont disponibles sur www.weborigine.be<\/p>\n<p>L\u2019h\u00e9bergement est r\u00e9alis\u00e9 par OVH, SAS au capital de 10 069 020 \u20ac , RCS Lille M\u00e9tropole 424 761 419 00045, Code APE 2620Z, N\u00b0 TVA : FR 22 424 761 419, Si\u00e8ge social : 2 rue Kellermann \u2013 59100 Roubaix \u2013 France.<\/p>\n<p>L\u2019utilisation et la consultation de ce site internet sont soumises \u00e0 l\u2019acceptation automatique et inconditionnelle des pr\u00e9sentes conditions g\u00e9n\u00e9rales mentionn\u00e9es ci-dessous, ainsi qu\u2019\u00e0 l\u2019ensemble des lois belges applicables. Elles sont soumise \u00e0 modification \u00e9ventuelle sans pr\u00e9avis ni indemnit\u00e9s quelconques.<\/p>\n<p>Clause g\u00e9n\u00e9rale de non-responsabilit\u00e9<\/p>\n<p>Tout est mis en \u0153uvre pour \u00e9viter une \u00e9ventuelle interruption ou d\u00e9rangement de ce site, s\u2019il devait toute fois arriver que le site soit momentan\u00e9ment indisponible, le propri\u00e9taire et le prestataire de ce site d\u00e9cline toute responsabilit\u00e9, y compris p\u00e9cuniaire, que cela pourrait engendrer.<\/p>\n<p>Le propri\u00e9taire ainsi que le prestataire du site ne peuvent pas \u00eatre tenu responsable des \u00e9ventuels dommages et\/ou pr\u00e9judice, quels qu\u2019ils soient, direct ou indirect, \u00e0 votre \u00e9gard ou \u00e0 l\u2019\u00e9gard d\u2019un tiers, et ce pour n\u2019importe quel usage du site, licite ou non.<\/p>\n<p>Cette clause de non-responsabilit\u00e9 ne s\u2019oppose pas pour autant \u00e0 la responsabilit\u00e9 du propri\u00e9taire comme d\u00e9crite dans la l\u00e9gislation nationale dans le cas ou cette derni\u00e8re serait d\u2019application.<\/p>\n<p>Droits d\u2019auteur<\/p>\n<p>Toutes les informations, textes, photos, m\u00e9dias contenu dans ce site sont soit la propri\u00e9t\u00e9 du propri\u00e9taire du site, soit diffus\u00e9es en accord avec les propri\u00e9taires, soit libre de droits. Le contenu du site internet peut \u00e0 tout moment \u00eatre adapt\u00e9, modifi\u00e9 ou compl\u00e9t\u00e9, sans aucune notification ou communication pr\u00e9alables.<\/p>\n<p>Aucune partie, texte, document, image, m\u00e9dia de ce site ne peuvent \u00eatre reproduits sans autorisation \u00e9crite pr\u00e9alable du propri\u00e9taire de ce site.<\/p>\n<p>Au cas o\u00f9 par m\u00e9garde un des contenus de ce site serait en infraction avec vos droits d\u2019auteurs merci de le signaler par email afin que nous fassions le n\u00e9cessaire pour le supprimer au plus vite.<\/p>\n<p>Donn\u00e9es personnelles et cookies<\/p>\n<p>Les \u00e9ventuelles donn\u00e9es collect\u00e9es sur ce site en direct ou par le biais de cookies le sont automatiquement et uniquement dans un but technique ou de donner des statistiques. Toute fois si des donn\u00e9es personnelles \u00e9taient collect\u00e9es sur ce site, toutes personne justifiant sont identit\u00e9 peut consulter les donn\u00e9es \u00e0 caract\u00e8re personnel la concernant et sur simple demande par email elles seront modifi\u00e9es ou supprim\u00e9es de la base de donn\u00e9e.<\/p>\n<p>Un cookie est un petit fichier enregistr\u00e9 sur le disque dur de votre ordinateur lors de la visite d\u2019un site ou de la consultation d\u2019une publicit\u00e9. Ces cookies sont utilis\u00e9s afin d\u2019am\u00e9liorer votre exp\u00e9rience utilisateur et a des fins de statistiques. Vous pouvez \u00e0 tout moment refuser leur utilisation en param\u00e9trant votre navigateur Internet.<\/p>\n<p>Liens vers d\u2019autres sites<\/p>\n<p>Les \u00e9ventuels liens contenus dans ce site ne sont pas la responsabilit\u00e9 du propri\u00e9taire, ni du prestataire de ce site, que ce soit au niveau du contenu ou de la politique des sites en question, ni m\u00eame de leur existence.<\/p>\n<p>Juridiction<\/p>\n<p>Les tribunaux dont d\u00e9pendent le si\u00e8ge social du propri\u00e9taire et du prestataire sont les seuls comp\u00e9tents en cas de litige.<br \/>\n<\/p>","protected":false},"excerpt":{"rendered":"<p>Mentions l\u00e9gales Le pr\u00e9sent site est la propri\u00e9t\u00e9 de : LESCOL S.P.R.L. Si\u00e8ge social 1199 Chauss\u00e9e de Waterloo &#8211; 1180 UCCLE Belgique Num\u00e9ro BCE \u2013 TVA : BE 21363167922703 Email &#8230;<\/p>\n","protected":false},"author":1,"featured_media":0,"parent":0,"menu_order":0,"comment_status":"closed","ping_status":"closed","template":"","meta":{"_exactmetrics_skip_tracking":false,"_exactmetrics_sitenote_active":false,"_exactmetrics_sitenote_note":"","_exactmetrics_sitenote_category":0},"aioseo_notices":[],"_links":{"self":[{"href":"http:\/\/www.sopuresoclean.com\/fr\/wp-json\/wp\/v2\/pages\/1393"}],"collection":[{"href":"http:\/\/www.sopuresoclean.com\/fr\/wp-json\/wp\/v2\/pages"}],"about":[{"href":"http:\/\/www.sopuresoclean.com\/fr\/wp-json\/wp\/v2\/types\/page"}],"author":[{"embeddable":true,"href":"http:\/\/www.sopuresoclean.com\/fr\/wp-json\/wp\/v2\/users\/1"}],"replies":[{"embeddable":true,"href":"http:\/\/www.sopuresoclean.com\/fr\/wp-json\/wp\/v2\/comments?post=1393"}],"version-history":[{"count":7,"href":"http:\/\/www.sopuresoclean.com\/fr\/wp-json\/wp\/v2\/pages\/1393\/revisions"}],"predecessor-version":[{"id":1514,"href":"http:\/\/www.sopuresoclean.com\/fr\/wp-json\/wp\/v2\/pages\/1393\/revisions\/1514"}],"wp:attachment":[{"href":"http:\/\/www.sopuresoclean.com\/fr\/wp-json\/wp\/v2\/media?parent=1393"}],"curies":[{"name":"wp","href":"https:\/\/api.w.org\/{rel}","templated":true}]}}